{"id":1107,"date":"2023-05-29T12:55:00","date_gmt":"2023-05-29T10:55:00","guid":{"rendered":"https:\/\/limo.global\/?page_id=1107"},"modified":"2023-06-28T15:51:20","modified_gmt":"2023-06-28T13:51:20","slug":"politique-de-confidentialite","status":"publish","type":"page","link":"https:\/\/limo.global\/fr\/politique-de-confidentialite\/","title":{"rendered":"Politique de confidentialit\u00e9"},"content":{"rendered":"<p><span style=\"font-weight: 400;\">Conform\u00e9ment aux articles 13 et 14 du R\u00e8glement (UE) 2016\/679 (\u00ab\u00a0<\/span><b>RGPD<\/b><span style=\"font-weight: 400;\">\u00a0\u00bb ou \u00ab\u00a0<\/span><b>R\u00e8glement<\/b><span style=\"font-weight: 400;\">\u00ab\u00a0), LimoLane S.r.l. fournit toutes les informations relatives au traitement des donn\u00e9es personnelles des utilisateurs NCC qui utilisent le service de march\u00e9 des trajets NCC \u00ab\u00a0LiMO\u00a0\u00bb (\u00ab\u00a0<\/span><b>Chauffeur<\/b><span style=\"font-weight: 400;\">\u00ab\u00a0) via l&rsquo;application \u00ab\u00a0LiMO\u00a0\u00bb ou la WebApp disponible sur le site web app.limo.global (\u00ab\u00a0<\/span><b>Service LiMO<\/b><span style=\"font-weight: 400;\">\u00ab\u00a0).<\/span><\/p>\n<h3><b>1. Responsable du traitement des donn\u00e9es<\/b><\/h3>\n<p><span style=\"font-weight: 400;\">1.1 Le responsable du traitement des donn\u00e9es personnelles est LimoLane S.r.l. (\u00ab\u00a0<\/span><b>LimoLane<\/b><span style=\"font-weight: 400;\">\u00a0\u00bb ou \u00ab\u00a0<\/span><b>Soci\u00e9t\u00e9<\/b><span style=\"font-weight: 400;\">\u00ab\u00a0) ayant son si\u00e8ge social \u00e0 Cornaredo (MI), Via Per Monzoro n. 41\/43, 20007, joignable \u00e0 l&rsquo;adresse e-mail privacy@limo.global.<\/span><\/p>\n<h3><b>2. Donn\u00e9es personnelles collect\u00e9es et source des donn\u00e9es<\/b><\/h3>\n<p><span style=\"font-weight: 400;\">2.1 LimoLane traite les donn\u00e9es personnelles suivantes re\u00e7ues de l&rsquo;entreprise NCC (ou, dans le cas de l&rsquo;inscription par un Chauffeur individuel, directement du Chauffeur) pour l&rsquo;inscription du Chauffeur au Service LiMO et pour permettre au Chauffeur d&rsquo;utiliser le Service LiMO:<\/span><\/p>\n<ul>\n<li style=\"font-weight: 400;\" aria-level=\"1\"><span style=\"font-weight: 400;\">Identit\u00e9 et coordonn\u00e9es du Chauffeur (par exemple, nom, pr\u00e9nom, adresse e-mail, num\u00e9ro de t\u00e9l\u00e9phone);<\/span><\/li>\n<li style=\"font-weight: 400;\" aria-level=\"1\"><span style=\"font-weight: 400;\">Donn\u00e9es relatives \u00e0 la licence NCC du Chauffeur (par exemple, permis de conduire, num\u00e9ro de licence).<\/span><\/li>\n<\/ul>\n<p><span style=\"font-weight: 400;\">2.2 LimoLane traite \u00e9galement les donn\u00e9es personnelles suivantes re\u00e7ues du Chauffeur pour permettre une utilisation r\u00e9guli\u00e8re du Service LiMO:<\/span><\/p>\n<ul>\n<li style=\"font-weight: 400;\" aria-level=\"1\"><span style=\"font-weight: 400;\">Donn\u00e9es de g\u00e9olocalisation: les donn\u00e9es de localisation du Chauffeur sont d\u00e9tect\u00e9es pendant la dur\u00e9e du trajet et ensuite supprim\u00e9es;<\/span><\/li>\n<li style=\"font-weight: 400;\" aria-level=\"1\"><span style=\"font-weight: 400;\">Toute donn\u00e9e concernant la facturation et le paiement effectu\u00e9 au Chauffeur par le passager du trajet.<\/span><\/li>\n<\/ul>\n<h3><b>3. Finalit\u00e9s et base juridique du traitement<\/b><\/h3>\n<p><span style=\"font-weight: 400;\">3.1 LimoLane traitera les donn\u00e9es personnelles pour les finalit\u00e9s suivantes:<\/span><\/p>\n<p><b>a) Finalit\u00e9s li\u00e9es \u00e0 l&rsquo;utilisation du Service LiMO, <\/b><span style=\"font-weight: 400;\">notamment pour:<\/span><\/p>\n<ul>\n<li style=\"font-weight: 400;\" aria-level=\"1\"><span style=\"font-weight: 400;\">l&rsquo;inscription au Service LiMO (via l&rsquo;application ou la WebApp);<\/span><\/li>\n<li style=\"font-weight: 400;\" aria-level=\"1\"><span style=\"font-weight: 400;\">la gestion de la fourniture du Service LiMO (par exemple, acceptation des trajets et envoi de communications de service associ\u00e9es).<\/span><\/li>\n<\/ul>\n<p><span style=\"font-weight: 400;\">La base juridique du traitement est la fourniture du Service LiMO aux Chauffeurs, conform\u00e9ment aux Conditions G\u00e9n\u00e9rales d&rsquo;utilisation du Service de march\u00e9 des trajets NCC contenues dans l'\u00a0\u00bbAccord de Licence d&rsquo;Application LiMO\u00a0\u00bb sign\u00e9 par l&rsquo;entreprise NCC.<\/span><\/p>\n<p><span style=\"font-weight: 400;\">La fourniture des donn\u00e9es est obligatoire pour utiliser le Service LiMO, et le refus de fournir les donn\u00e9es rendra impossible l&rsquo;inscription au Service LiMO et l&rsquo;acceptation des trajets.<\/span><\/p>\n<p><span style=\"font-weight: 400;\">Les donn\u00e9es relatives \u00e0 chaque trajet NCC effectu\u00e9 par le Chauffeur seront conserv\u00e9es pendant 10 ans \u00e0 compter de la fin de la relation contractuelle avec LimoLane, conform\u00e9ment aux dispositions des r\u00e9glementations de prescription applicables.<\/span><\/p>\n<p><b>b) Envoi de communications informatives et promotionnelles relatives au Service LiMO par e-mail.<\/b><\/p>\n<p><span style=\"font-weight: 400;\">La base juridique du traitement est l&rsquo;int\u00e9r\u00eat l\u00e9gitime de LimoLane \u00e0 s&rsquo;assurer que les Chauffeurs sont toujours inform\u00e9s des initiatives commerciales et\/ou promotionnelles relatives au Service LiMO (par exemple, promotions li\u00e9es aux trajets, mises \u00e0 jour du Service LiMO).<\/span><\/p>\n<p><span style=\"font-weight: 400;\">Les Chauffeurs peuvent s&rsquo;opposer \u00e0 tout moment \u00e0 la r\u00e9ception de ces communications en suivant les instructions de d\u00e9sabonnement fournies dans chaque communication.<\/span><\/p>\n<p><span style=\"font-weight: 400;\">La fourniture des donn\u00e9es est facultative et le refus de les fournir n&rsquo;affectera pas la possibilit\u00e9 d&rsquo;utiliser le Service LiMO.<\/span><\/p>\n<p><b>c) Analyse des donn\u00e9es de localisation pour am\u00e9liorer le Service LiMO.<\/b><\/p>\n<p><span style=\"font-weight: 400;\">La base juridique du traitement est l&rsquo;int\u00e9r\u00eat l\u00e9gitime de LimoLane \u00e0 analyser les donn\u00e9es de localisation afin d&rsquo;am\u00e9liorer et d&rsquo;optimiser le fonctionnement du Service LiMO.<\/span><\/p>\n<p><span style=\"font-weight: 400;\">Les donn\u00e9es de localisation du Chauffeur seront trait\u00e9es de mani\u00e8re anonyme et agr\u00e9g\u00e9e, de sorte qu&rsquo;elles ne peuvent pas \u00eatre utilis\u00e9es pour identifier un Chauffeur sp\u00e9cifique.<\/span><\/p>\n<p><b>d) Respect des obligations l\u00e9gales, judiciaires et administratives auxquelles LimoLane est soumise.<\/b><\/p>\n<p><span style=\"font-weight: 400;\">La base juridique du traitement est l&rsquo;obligation l\u00e9gale de LimoLane de traiter les donn\u00e9es personnelles du Chauffeur pour se conformer aux obligations l\u00e9gales, judiciaires et administratives applicables (par exemple, obligations comptables, obligations fiscales, obligations li\u00e9es aux litiges, proc\u00e9dures judiciaires et\/ou transactionnelles).<\/span><\/p>\n<p><span style=\"font-weight: 400;\">Les donn\u00e9es seront conserv\u00e9es pendant 10 ans afin de garantir le respect des obligations l\u00e9gales, judiciaires et administratives de LimoLane, ainsi que pour g\u00e9rer la participation de LimoLane \u00e0 toute proc\u00e9dure administrative et\/ou judiciaire.<\/span><\/p>\n<p><b>e) Traitement de l&rsquo;analyse statistique agr\u00e9g\u00e9e li\u00e9e au Service LiMO.<\/b><\/p>\n<p><span style=\"font-weight: 400;\">Les donn\u00e9es collect\u00e9es par LimoLane seront trait\u00e9es de mani\u00e8re anonyme dans le but de g\u00e9n\u00e9rer des statistiques agr\u00e9g\u00e9es li\u00e9es aux activit\u00e9s r\u00e9alis\u00e9es dans le cadre du Service LiMO.<\/span><\/p>\n<p><span style=\"font-weight: 400;\">La base juridique du traitement est l&rsquo;int\u00e9r\u00eat l\u00e9gitime de LimoLane \u00e0 analyser le fonctionnement du Service LiMO afin d&rsquo;am\u00e9liorer ses fonctionnalit\u00e9s et ses caract\u00e9ristiques en fonction de son utilisation.<\/span><\/p>\n<h3><b>4. Communication des donn\u00e9es<\/b><\/h3>\n<p><span style=\"font-weight: 400;\">4.1 Le traitement des donn\u00e9es personnelles sera effectu\u00e9, aux fins indiqu\u00e9es au paragraphe 3 ci-dessus, par le personnel interne de LimoLane, express\u00e9ment autoris\u00e9 \u00e0 traiter les donn\u00e9es personnelles. De plus, les donn\u00e9es personnelles peuvent \u00eatre communiqu\u00e9es aux fins indiqu\u00e9es aux sujets suivants:<\/span><\/p>\n<ol>\n<li style=\"font-weight: 400;\" aria-level=\"1\"><span style=\"font-weight: 400;\">Sujets fournissant des services pour le compte de LimoLane, tels que les sous-traitants de donn\u00e9es (par exemple, les prestataires de services informatiques);<\/span><\/li>\n<li style=\"font-weight: 400;\" aria-level=\"1\"><span style=\"font-weight: 400;\">Entit\u00e9s publiques ou priv\u00e9es (par exemple, compagnies d&rsquo;assurance, banques, autorit\u00e9s publiques, organes judiciaires, agence fiscale) qui les traiteront en tant que responsables de traitement autonomes.<\/span><\/li>\n<\/ol>\n<h3><b>5. Champ territorial du traitement<\/b><\/h3>\n<p><span style=\"font-weight: 400;\">5.1 Les donn\u00e9es personnelles ne seront pas transf\u00e9r\u00e9es en dehors de l&rsquo;Espace \u00e9conomique europ\u00e9en.<\/span><\/p>\n<h3><b>6. Droits des personnes concern\u00e9es<\/b><\/h3>\n<p><span style=\"font-weight: 400;\">Les chauffeurs peuvent exercer, dans les cas pr\u00e9vus par le r\u00e8glement, les droits suivants pr\u00e9vus aux articles 15 et suivants du RGPD:<\/span><\/p>\n<ul>\n<li style=\"font-weight: 400;\" aria-level=\"1\"><span style=\"font-weight: 400;\">Droit d&rsquo;acc\u00e8s: demander la confirmation de l&rsquo;existence d&rsquo;un traitement de donn\u00e9es et, le cas \u00e9ch\u00e9ant, demander \u00e0 LimoLane l&rsquo;acc\u00e8s aux informations relatives \u00e0 ce traitement;<\/span><\/li>\n<li style=\"font-weight: 400;\" aria-level=\"1\"><span style=\"font-weight: 400;\">Droit de rectification: demander la rectification et l&rsquo;int\u00e9gration des donn\u00e9es inexactes ou incompl\u00e8tes;<\/span><\/li>\n<li style=\"font-weight: 400;\" aria-level=\"1\"><span style=\"font-weight: 400;\">Droit \u00e0 l&rsquo;effacement des donn\u00e9es: demander \u00e0 LimoLane l&rsquo;effacement des donn\u00e9es;<\/span><\/li>\n<li style=\"font-weight: 400;\" aria-level=\"1\"><span style=\"font-weight: 400;\">Droit \u00e0 la limitation du traitement: demander la limitation du traitement;<\/span><\/li>\n<li style=\"font-weight: 400;\" aria-level=\"1\"><span style=\"font-weight: 400;\">Droit \u00e0 la portabilit\u00e9 des donn\u00e9es: demander \u00e0 recevoir, dans un format structur\u00e9, couramment utilis\u00e9 et lisible par machine, les donn\u00e9es les concernant ou demander leur transmission directe \u00e0 un autre responsable du traitement, dans la mesure du techniquement possible;<\/span><\/li>\n<li style=\"font-weight: 400;\" aria-level=\"1\"><span style=\"font-weight: 400;\">Droit d&rsquo;opposition: droit de s&rsquo;opposer, en tout ou en partie, pour des motifs l\u00e9gitimes et dans les cas pr\u00e9vus par le RGPD, au traitement des donn\u00e9es les concernant.<\/span><\/li>\n<\/ul>\n<p><span style=\"font-weight: 400;\">Conform\u00e9ment \u00e0 l&rsquo;article 7 du RGPD, les chauffeurs peuvent r\u00e9voquer leur consentement \u00e0 tout moment, sans que cela n&rsquo;affecte la lic\u00e9it\u00e9 du traitement effectu\u00e9 avant la r\u00e9vocation.<\/span><\/p>\n<p><span style=\"font-weight: 400;\">Les chauffeurs peuvent exercer les droits \u00e9num\u00e9r\u00e9s ci-dessus en envoyant une communication \u00e0 l&rsquo;adresse e-mail privacy@limo.global.<\/span><\/p>\n<p><span style=\"font-weight: 400;\">De plus, si un chauffeur estime que ses donn\u00e9es ont \u00e9t\u00e9 trait\u00e9es de mani\u00e8re ill\u00e9gitime, il peut d\u00e9poser une plainte aupr\u00e8s de l&rsquo;Autorit\u00e9 de contr\u00f4le de la protection des donn\u00e9es personnelles (www.garanteprivacy.it).<\/span><\/p>\n","protected":false},"excerpt":{"rendered":"<p>Conform\u00e9ment aux articles 13 et 14 du R\u00e8glement (UE) 2016\/679 (\u00ab\u00a0RGPD\u00a0\u00bb ou \u00ab\u00a0R\u00e8glement\u00ab\u00a0), LimoLane S.r.l. fournit toutes les informations relatives au traitement des donn\u00e9es personnelles des utilisateurs NCC qui utilisent le service de march\u00e9 des trajets NCC \u00ab\u00a0LiMO\u00a0\u00bb (\u00ab\u00a0Chauffeur\u00ab\u00a0) via l&rsquo;application \u00ab\u00a0LiMO\u00a0\u00bb ou la WebApp disponible sur le site web app.limo.global (\u00ab\u00a0Service LiMO\u00ab\u00a0). 1. Responsable [&hellip;]<\/p>\n","protected":false},"author":9,"featured_media":0,"parent":0,"menu_order":0,"comment_status":"closed","ping_status":"closed","template":"","meta":{"footnotes":""},"class_list":["post-1107","page","type-page","status-publish","hentry"],"acf":[],"yoast_head":"<!-- This site is optimized with the Yoast SEO plugin v27.4 - https:\/\/yoast.com\/product\/yoast-seo-wordpress\/ -->\n<title>Politique de confidentialit\u00e9 - Limo<\/title>\n<meta name=\"robots\" content=\"index, follow, max-snippet:-1, max-image-preview:large, max-video-preview:-1\" \/>\n<link rel=\"canonical\" href=\"https:\/\/limo.global\/fr\/politique-de-confidentialite\/\" \/>\n<meta property=\"og:locale\" content=\"fr_FR\" \/>\n<meta property=\"og:type\" content=\"article\" \/>\n<meta property=\"og:title\" content=\"Politique de confidentialit\u00e9 - Limo\" \/>\n<meta property=\"og:description\" content=\"Conform\u00e9ment aux articles 13 et 14 du R\u00e8glement (UE) 2016\/679 (\u00ab\u00a0RGPD\u00a0\u00bb ou \u00ab\u00a0R\u00e8glement\u00ab\u00a0), LimoLane S.r.l. fournit toutes les informations relatives au traitement des donn\u00e9es personnelles des utilisateurs NCC qui utilisent le service de march\u00e9 des trajets NCC \u00ab\u00a0LiMO\u00a0\u00bb (\u00ab\u00a0Chauffeur\u00ab\u00a0) via l&rsquo;application \u00ab\u00a0LiMO\u00a0\u00bb ou la WebApp disponible sur le site web app.limo.global (\u00ab\u00a0Service LiMO\u00ab\u00a0). 1. Responsable [&hellip;]\" \/>\n<meta property=\"og:url\" content=\"https:\/\/limo.global\/fr\/politique-de-confidentialite\/\" \/>\n<meta property=\"og:site_name\" content=\"Limo\" \/>\n<meta property=\"article:modified_time\" content=\"2023-06-28T13:51:20+00:00\" \/>\n<meta name=\"twitter:card\" content=\"summary_large_image\" \/>\n<meta name=\"twitter:label1\" content=\"Dur\u00e9e de lecture estim\u00e9e\" \/>\n\t<meta name=\"twitter:data1\" content=\"6 minutes\" \/>\n<script type=\"application\/ld+json\" class=\"yoast-schema-graph\">{\"@context\":\"https:\\\/\\\/schema.org\",\"@graph\":[{\"@type\":\"WebPage\",\"@id\":\"https:\\\/\\\/limo.global\\\/fr\\\/politique-de-confidentialite\\\/\",\"url\":\"https:\\\/\\\/limo.global\\\/fr\\\/politique-de-confidentialite\\\/\",\"name\":\"Politique de confidentialit\u00e9 - Limo\",\"isPartOf\":{\"@id\":\"https:\\\/\\\/limo.global\\\/fr\\\/#website\"},\"datePublished\":\"2023-05-29T10:55:00+00:00\",\"dateModified\":\"2023-06-28T13:51:20+00:00\",\"breadcrumb\":{\"@id\":\"https:\\\/\\\/limo.global\\\/fr\\\/politique-de-confidentialite\\\/#breadcrumb\"},\"inLanguage\":\"fr-FR\",\"potentialAction\":[{\"@type\":\"ReadAction\",\"target\":[\"https:\\\/\\\/limo.global\\\/fr\\\/politique-de-confidentialite\\\/\"]}]},{\"@type\":\"BreadcrumbList\",\"@id\":\"https:\\\/\\\/limo.global\\\/fr\\\/politique-de-confidentialite\\\/#breadcrumb\",\"itemListElement\":[{\"@type\":\"ListItem\",\"position\":1,\"name\":\"Home\",\"item\":\"https:\\\/\\\/limo.global\\\/fr\\\/\"},{\"@type\":\"ListItem\",\"position\":2,\"name\":\"Politique de confidentialit\u00e9\"}]},{\"@type\":\"WebSite\",\"@id\":\"https:\\\/\\\/limo.global\\\/fr\\\/#website\",\"url\":\"https:\\\/\\\/limo.global\\\/fr\\\/\",\"name\":\"Limo\",\"description\":\"\",\"publisher\":{\"@id\":\"https:\\\/\\\/limo.global\\\/fr\\\/#organization\"},\"potentialAction\":[{\"@type\":\"SearchAction\",\"target\":{\"@type\":\"EntryPoint\",\"urlTemplate\":\"https:\\\/\\\/limo.global\\\/fr\\\/?s={search_term_string}\"},\"query-input\":{\"@type\":\"PropertyValueSpecification\",\"valueRequired\":true,\"valueName\":\"search_term_string\"}}],\"inLanguage\":\"fr-FR\"},{\"@type\":\"Organization\",\"@id\":\"https:\\\/\\\/limo.global\\\/fr\\\/#organization\",\"name\":\"Limo\",\"url\":\"https:\\\/\\\/limo.global\\\/fr\\\/\",\"logo\":{\"@type\":\"ImageObject\",\"inLanguage\":\"fr-FR\",\"@id\":\"https:\\\/\\\/limo.global\\\/fr\\\/#\\\/schema\\\/logo\\\/image\\\/\",\"url\":\"https:\\\/\\\/limo.global\\\/wp-content\\\/uploads\\\/2023\\\/05\\\/logo-social.png\",\"contentUrl\":\"https:\\\/\\\/limo.global\\\/wp-content\\\/uploads\\\/2023\\\/05\\\/logo-social.png\",\"width\":200,\"height\":200,\"caption\":\"Limo\"},\"image\":{\"@id\":\"https:\\\/\\\/limo.global\\\/fr\\\/#\\\/schema\\\/logo\\\/image\\\/\"}}]}<\/script>\n<!-- \/ Yoast SEO plugin. -->","yoast_head_json":{"title":"Politique de confidentialit\u00e9 - Limo","robots":{"index":"index","follow":"follow","max-snippet":"max-snippet:-1","max-image-preview":"max-image-preview:large","max-video-preview":"max-video-preview:-1"},"canonical":"https:\/\/limo.global\/fr\/politique-de-confidentialite\/","og_locale":"fr_FR","og_type":"article","og_title":"Politique de confidentialit\u00e9 - Limo","og_description":"Conform\u00e9ment aux articles 13 et 14 du R\u00e8glement (UE) 2016\/679 (\u00ab\u00a0RGPD\u00a0\u00bb ou \u00ab\u00a0R\u00e8glement\u00ab\u00a0), LimoLane S.r.l. fournit toutes les informations relatives au traitement des donn\u00e9es personnelles des utilisateurs NCC qui utilisent le service de march\u00e9 des trajets NCC \u00ab\u00a0LiMO\u00a0\u00bb (\u00ab\u00a0Chauffeur\u00ab\u00a0) via l&rsquo;application \u00ab\u00a0LiMO\u00a0\u00bb ou la WebApp disponible sur le site web app.limo.global (\u00ab\u00a0Service LiMO\u00ab\u00a0). 1. Responsable [&hellip;]","og_url":"https:\/\/limo.global\/fr\/politique-de-confidentialite\/","og_site_name":"Limo","article_modified_time":"2023-06-28T13:51:20+00:00","twitter_card":"summary_large_image","twitter_misc":{"Dur\u00e9e de lecture estim\u00e9e":"6 minutes"},"schema":{"@context":"https:\/\/schema.org","@graph":[{"@type":"WebPage","@id":"https:\/\/limo.global\/fr\/politique-de-confidentialite\/","url":"https:\/\/limo.global\/fr\/politique-de-confidentialite\/","name":"Politique de confidentialit\u00e9 - Limo","isPartOf":{"@id":"https:\/\/limo.global\/fr\/#website"},"datePublished":"2023-05-29T10:55:00+00:00","dateModified":"2023-06-28T13:51:20+00:00","breadcrumb":{"@id":"https:\/\/limo.global\/fr\/politique-de-confidentialite\/#breadcrumb"},"inLanguage":"fr-FR","potentialAction":[{"@type":"ReadAction","target":["https:\/\/limo.global\/fr\/politique-de-confidentialite\/"]}]},{"@type":"BreadcrumbList","@id":"https:\/\/limo.global\/fr\/politique-de-confidentialite\/#breadcrumb","itemListElement":[{"@type":"ListItem","position":1,"name":"Home","item":"https:\/\/limo.global\/fr\/"},{"@type":"ListItem","position":2,"name":"Politique de confidentialit\u00e9"}]},{"@type":"WebSite","@id":"https:\/\/limo.global\/fr\/#website","url":"https:\/\/limo.global\/fr\/","name":"Limo","description":"","publisher":{"@id":"https:\/\/limo.global\/fr\/#organization"},"potentialAction":[{"@type":"SearchAction","target":{"@type":"EntryPoint","urlTemplate":"https:\/\/limo.global\/fr\/?s={search_term_string}"},"query-input":{"@type":"PropertyValueSpecification","valueRequired":true,"valueName":"search_term_string"}}],"inLanguage":"fr-FR"},{"@type":"Organization","@id":"https:\/\/limo.global\/fr\/#organization","name":"Limo","url":"https:\/\/limo.global\/fr\/","logo":{"@type":"ImageObject","inLanguage":"fr-FR","@id":"https:\/\/limo.global\/fr\/#\/schema\/logo\/image\/","url":"https:\/\/limo.global\/wp-content\/uploads\/2023\/05\/logo-social.png","contentUrl":"https:\/\/limo.global\/wp-content\/uploads\/2023\/05\/logo-social.png","width":200,"height":200,"caption":"Limo"},"image":{"@id":"https:\/\/limo.global\/fr\/#\/schema\/logo\/image\/"}}]}},"_links":{"self":[{"href":"https:\/\/limo.global\/fr\/wp-json\/wp\/v2\/pages\/1107","targetHints":{"allow":["GET"]}}],"collection":[{"href":"https:\/\/limo.global\/fr\/wp-json\/wp\/v2\/pages"}],"about":[{"href":"https:\/\/limo.global\/fr\/wp-json\/wp\/v2\/types\/page"}],"author":[{"embeddable":true,"href":"https:\/\/limo.global\/fr\/wp-json\/wp\/v2\/users\/9"}],"replies":[{"embeddable":true,"href":"https:\/\/limo.global\/fr\/wp-json\/wp\/v2\/comments?post=1107"}],"version-history":[{"count":1,"href":"https:\/\/limo.global\/fr\/wp-json\/wp\/v2\/pages\/1107\/revisions"}],"predecessor-version":[{"id":1108,"href":"https:\/\/limo.global\/fr\/wp-json\/wp\/v2\/pages\/1107\/revisions\/1108"}],"wp:attachment":[{"href":"https:\/\/limo.global\/fr\/wp-json\/wp\/v2\/media?parent=1107"}],"curies":[{"name":"wp","href":"https:\/\/api.w.org\/{rel}","templated":true}]}}