{"id":582,"date":"2023-04-26T20:34:31","date_gmt":"2023-04-26T18:34:31","guid":{"rendered":"https:\/\/limo.global\/servizi\/"},"modified":"2023-09-04T23:28:53","modified_gmt":"2023-09-04T21:28:53","slug":"application-vtc","status":"publish","type":"page","link":"https:\/\/limo.global\/fr\/application-vtc\/","title":{"rendered":"Services"},"content":{"rendered":"","protected":false},"excerpt":{"rendered":"","protected":false},"author":9,"featured_media":0,"parent":0,"menu_order":0,"comment_status":"closed","ping_status":"closed","template":"page-services.php","meta":{"footnotes":""},"class_list":["post-582","page","type-page","status-publish","hentry"],"acf":[],"yoast_head":"<!-- This site is optimized with the Yoast SEO plugin v27.4 - https:\/\/yoast.com\/product\/yoast-seo-wordpress\/ -->\n<title>Application VTC made in Italy | LiMO<\/title>\n<meta name=\"description\" content=\"Am\u00e9liorez l&#039;efficacit\u00e9 de votre service de location de voitures avec le logiciel VTC de Limo. Simple, fiable et fabriqu\u00e9 en Italie.\" \/>\n<meta name=\"robots\" content=\"index, follow, max-snippet:-1, max-image-preview:large, max-video-preview:-1\" \/>\n<link rel=\"canonical\" href=\"https:\/\/limo.global\/fr\/application-vtc\/\" \/>\n<meta property=\"og:locale\" content=\"fr_FR\" \/>\n<meta property=\"og:type\" content=\"article\" \/>\n<meta property=\"og:title\" content=\"Application VTC made in Italy | LiMO\" \/>\n<meta property=\"og:description\" content=\"Am\u00e9liorez l&#039;efficacit\u00e9 de votre service de location de voitures avec le logiciel VTC de Limo. Simple, fiable et fabriqu\u00e9 en Italie.\" \/>\n<meta property=\"og:url\" content=\"https:\/\/limo.global\/fr\/application-vtc\/\" \/>\n<meta property=\"og:site_name\" content=\"Limo\" \/>\n<meta property=\"article:modified_time\" content=\"2023-09-04T21:28:53+00:00\" \/>\n<meta name=\"twitter:card\" content=\"summary_large_image\" \/>\n<script type=\"application\/ld+json\" class=\"yoast-schema-graph\">{\"@context\":\"https:\\\/\\\/schema.org\",\"@graph\":[{\"@type\":\"WebPage\",\"@id\":\"https:\\\/\\\/limo.global\\\/fr\\\/application-vtc\\\/\",\"url\":\"https:\\\/\\\/limo.global\\\/fr\\\/application-vtc\\\/\",\"name\":\"Application VTC made in Italy | LiMO\",\"isPartOf\":{\"@id\":\"https:\\\/\\\/limo.global\\\/fr\\\/#website\"},\"datePublished\":\"2023-04-26T18:34:31+00:00\",\"dateModified\":\"2023-09-04T21:28:53+00:00\",\"description\":\"Am\u00e9liorez l'efficacit\u00e9 de votre service de location de voitures avec le logiciel VTC de Limo. Simple, fiable et fabriqu\u00e9 en Italie.\",\"breadcrumb\":{\"@id\":\"https:\\\/\\\/limo.global\\\/fr\\\/application-vtc\\\/#breadcrumb\"},\"inLanguage\":\"fr-FR\",\"potentialAction\":[{\"@type\":\"ReadAction\",\"target\":[\"https:\\\/\\\/limo.global\\\/fr\\\/application-vtc\\\/\"]}]},{\"@type\":\"BreadcrumbList\",\"@id\":\"https:\\\/\\\/limo.global\\\/fr\\\/application-vtc\\\/#breadcrumb\",\"itemListElement\":[{\"@type\":\"ListItem\",\"position\":1,\"name\":\"Home\",\"item\":\"https:\\\/\\\/limo.global\\\/fr\\\/\"},{\"@type\":\"ListItem\",\"position\":2,\"name\":\"Services\"}]},{\"@type\":\"WebSite\",\"@id\":\"https:\\\/\\\/limo.global\\\/fr\\\/#website\",\"url\":\"https:\\\/\\\/limo.global\\\/fr\\\/\",\"name\":\"Limo\",\"description\":\"\",\"publisher\":{\"@id\":\"https:\\\/\\\/limo.global\\\/fr\\\/#organization\"},\"potentialAction\":[{\"@type\":\"SearchAction\",\"target\":{\"@type\":\"EntryPoint\",\"urlTemplate\":\"https:\\\/\\\/limo.global\\\/fr\\\/?s={search_term_string}\"},\"query-input\":{\"@type\":\"PropertyValueSpecification\",\"valueRequired\":true,\"valueName\":\"search_term_string\"}}],\"inLanguage\":\"fr-FR\"},{\"@type\":\"Organization\",\"@id\":\"https:\\\/\\\/limo.global\\\/fr\\\/#organization\",\"name\":\"Limo\",\"url\":\"https:\\\/\\\/limo.global\\\/fr\\\/\",\"logo\":{\"@type\":\"ImageObject\",\"inLanguage\":\"fr-FR\",\"@id\":\"https:\\\/\\\/limo.global\\\/fr\\\/#\\\/schema\\\/logo\\\/image\\\/\",\"url\":\"https:\\\/\\\/limo.global\\\/wp-content\\\/uploads\\\/2023\\\/05\\\/logo-social.png\",\"contentUrl\":\"https:\\\/\\\/limo.global\\\/wp-content\\\/uploads\\\/2023\\\/05\\\/logo-social.png\",\"width\":200,\"height\":200,\"caption\":\"Limo\"},\"image\":{\"@id\":\"https:\\\/\\\/limo.global\\\/fr\\\/#\\\/schema\\\/logo\\\/image\\\/\"}}]}<\/script>\n<!-- \/ Yoast SEO plugin. -->","yoast_head_json":{"title":"Application VTC made in Italy | LiMO","description":"Am\u00e9liorez l'efficacit\u00e9 de votre service de location de voitures avec le logiciel VTC de Limo. Simple, fiable et fabriqu\u00e9 en Italie.","robots":{"index":"index","follow":"follow","max-snippet":"max-snippet:-1","max-image-preview":"max-image-preview:large","max-video-preview":"max-video-preview:-1"},"canonical":"https:\/\/limo.global\/fr\/application-vtc\/","og_locale":"fr_FR","og_type":"article","og_title":"Application VTC made in Italy | LiMO","og_description":"Am\u00e9liorez l'efficacit\u00e9 de votre service de location de voitures avec le logiciel VTC de Limo. Simple, fiable et fabriqu\u00e9 en Italie.","og_url":"https:\/\/limo.global\/fr\/application-vtc\/","og_site_name":"Limo","article_modified_time":"2023-09-04T21:28:53+00:00","twitter_card":"summary_large_image","schema":{"@context":"https:\/\/schema.org","@graph":[{"@type":"WebPage","@id":"https:\/\/limo.global\/fr\/application-vtc\/","url":"https:\/\/limo.global\/fr\/application-vtc\/","name":"Application VTC made in Italy | LiMO","isPartOf":{"@id":"https:\/\/limo.global\/fr\/#website"},"datePublished":"2023-04-26T18:34:31+00:00","dateModified":"2023-09-04T21:28:53+00:00","description":"Am\u00e9liorez l'efficacit\u00e9 de votre service de location de voitures avec le logiciel VTC de Limo. Simple, fiable et fabriqu\u00e9 en Italie.","breadcrumb":{"@id":"https:\/\/limo.global\/fr\/application-vtc\/#breadcrumb"},"inLanguage":"fr-FR","potentialAction":[{"@type":"ReadAction","target":["https:\/\/limo.global\/fr\/application-vtc\/"]}]},{"@type":"BreadcrumbList","@id":"https:\/\/limo.global\/fr\/application-vtc\/#breadcrumb","itemListElement":[{"@type":"ListItem","position":1,"name":"Home","item":"https:\/\/limo.global\/fr\/"},{"@type":"ListItem","position":2,"name":"Services"}]},{"@type":"WebSite","@id":"https:\/\/limo.global\/fr\/#website","url":"https:\/\/limo.global\/fr\/","name":"Limo","description":"","publisher":{"@id":"https:\/\/limo.global\/fr\/#organization"},"potentialAction":[{"@type":"SearchAction","target":{"@type":"EntryPoint","urlTemplate":"https:\/\/limo.global\/fr\/?s={search_term_string}"},"query-input":{"@type":"PropertyValueSpecification","valueRequired":true,"valueName":"search_term_string"}}],"inLanguage":"fr-FR"},{"@type":"Organization","@id":"https:\/\/limo.global\/fr\/#organization","name":"Limo","url":"https:\/\/limo.global\/fr\/","logo":{"@type":"ImageObject","inLanguage":"fr-FR","@id":"https:\/\/limo.global\/fr\/#\/schema\/logo\/image\/","url":"https:\/\/limo.global\/wp-content\/uploads\/2023\/05\/logo-social.png","contentUrl":"https:\/\/limo.global\/wp-content\/uploads\/2023\/05\/logo-social.png","width":200,"height":200,"caption":"Limo"},"image":{"@id":"https:\/\/limo.global\/fr\/#\/schema\/logo\/image\/"}}]}},"_links":{"self":[{"href":"https:\/\/limo.global\/fr\/wp-json\/wp\/v2\/pages\/582","targetHints":{"allow":["GET"]}}],"collection":[{"href":"https:\/\/limo.global\/fr\/wp-json\/wp\/v2\/pages"}],"about":[{"href":"https:\/\/limo.global\/fr\/wp-json\/wp\/v2\/types\/page"}],"author":[{"embeddable":true,"href":"https:\/\/limo.global\/fr\/wp-json\/wp\/v2\/users\/9"}],"replies":[{"embeddable":true,"href":"https:\/\/limo.global\/fr\/wp-json\/wp\/v2\/comments?post=582"}],"version-history":[{"count":6,"href":"https:\/\/limo.global\/fr\/wp-json\/wp\/v2\/pages\/582\/revisions"}],"predecessor-version":[{"id":1488,"href":"https:\/\/limo.global\/fr\/wp-json\/wp\/v2\/pages\/582\/revisions\/1488"}],"wp:attachment":[{"href":"https:\/\/limo.global\/fr\/wp-json\/wp\/v2\/media?parent=582"}],"curies":[{"name":"wp","href":"https:\/\/api.w.org\/{rel}","templated":true}]}}